{"id":2,"date":"2019-04-27T19:55:03","date_gmt":"2019-04-27T22:55:03","guid":{"rendered":"http:\/\/192.168.0.125:8080\/?page_id=2"},"modified":"2019-10-10T11:20:18","modified_gmt":"2019-10-10T14:20:18","slug":"sobre","status":"publish","type":"page","link":"https:\/\/viannaproducoes.com.br\/index.php\/sobre\/","title":{"rendered":"Sobre"},"content":{"rendered":"\t\t<div data-elementor-type=\"wp-post\" data-elementor-id=\"2\" class=\"elementor elementor-2\">\n\t\t\t\t\t\t<section class=\"elementor-section elementor-top-section elementor-element elementor-element-5d8fcbed elementor-section-boxed elementor-section-height-default elementor-section-height-default\" data-id=\"5d8fcbed\" data-element_type=\"section\" data-e-type=\"section\">\n\t\t\t\t\t\t<div class=\"elementor-container elementor-column-gap-default\">\n\t\t\t\t\t<div class=\"elementor-column elementor-col-100 elementor-top-column elementor-element elementor-element-7e93f4f9\" data-id=\"7e93f4f9\" data-element_type=\"column\" data-e-type=\"column\">\n\t\t\t<div class=\"elementor-widget-wrap elementor-element-populated\">\n\t\t\t\t\t\t<section class=\"elementor-section elementor-inner-section elementor-element elementor-element-fdf2e90 elementor-section-boxed elementor-section-height-default elementor-section-height-default\" data-id=\"fdf2e90\" data-element_type=\"section\" data-e-type=\"section\">\n\t\t\t\t\t\t<div class=\"elementor-container elementor-column-gap-default\">\n\t\t\t\t\t<div class=\"elementor-column elementor-col-50 elementor-inner-column elementor-element elementor-element-a1feebf\" data-id=\"a1feebf\" data-element_type=\"column\" data-e-type=\"column\">\n\t\t\t<div class=\"elementor-widget-wrap elementor-element-populated\">\n\t\t\t\t\t\t<div class=\"elementor-element elementor-element-0f6a6ad elementor-widget elementor-widget-image\" data-id=\"0f6a6ad\" data-element_type=\"widget\" data-e-type=\"widget\" data-widget_type=\"image.default\">\n\t\t\t\t<div class=\"elementor-widget-container\">\n\t\t\t\t\t\t\t\t\t\t\t\t\t\t\t<img fetchpriority=\"high\" decoding=\"async\" data-attachment-id=\"55\" data-permalink=\"https:\/\/viannaproducoes.com.br\/perfil\/\" data-orig-file=\"https:\/\/viannaproducoes.com.br\/wp-content\/uploads\/2019\/09\/perfil.jpeg\" data-orig-size=\"1891,3004\" data-comments-opened=\"1\" data-image-meta=\"{&quot;aperture&quot;:&quot;0&quot;,&quot;credit&quot;:&quot;&quot;,&quot;camera&quot;:&quot;&quot;,&quot;caption&quot;:&quot;&quot;,&quot;created_timestamp&quot;:&quot;0&quot;,&quot;copyright&quot;:&quot;&quot;,&quot;focal_length&quot;:&quot;0&quot;,&quot;iso&quot;:&quot;0&quot;,&quot;shutter_speed&quot;:&quot;0&quot;,&quot;title&quot;:&quot;&quot;,&quot;orientation&quot;:&quot;0&quot;}\" data-image-title=\"perfil\" data-image-description=\"\" data-image-caption=\"\" data-large-file=\"https:\/\/viannaproducoes.com.br\/wp-content\/uploads\/2019\/09\/perfil-645x1024.jpeg\" width=\"189\" height=\"300\" src=\"https:\/\/viannaproducoes.com.br\/wp-content\/uploads\/2019\/09\/perfil-189x300.jpeg\" class=\"attachment-medium size-medium wp-image-55\" alt=\"\" srcset=\"https:\/\/viannaproducoes.com.br\/wp-content\/uploads\/2019\/09\/perfil-189x300.jpeg 189w, https:\/\/viannaproducoes.com.br\/wp-content\/uploads\/2019\/09\/perfil-768x1220.jpeg 768w, https:\/\/viannaproducoes.com.br\/wp-content\/uploads\/2019\/09\/perfil-645x1024.jpeg 645w, https:\/\/viannaproducoes.com.br\/wp-content\/uploads\/2019\/09\/perfil.jpeg 1891w\" sizes=\"(max-width: 189px) 100vw, 189px\" data-attachment-id=\"55\" data-permalink=\"https:\/\/viannaproducoes.com.br\/perfil\/\" data-orig-file=\"https:\/\/viannaproducoes.com.br\/wp-content\/uploads\/2019\/09\/perfil.jpeg\" data-orig-size=\"1891,3004\" data-comments-opened=\"1\" data-image-meta=\"{&quot;aperture&quot;:&quot;0&quot;,&quot;credit&quot;:&quot;&quot;,&quot;camera&quot;:&quot;&quot;,&quot;caption&quot;:&quot;&quot;,&quot;created_timestamp&quot;:&quot;0&quot;,&quot;copyright&quot;:&quot;&quot;,&quot;focal_length&quot;:&quot;0&quot;,&quot;iso&quot;:&quot;0&quot;,&quot;shutter_speed&quot;:&quot;0&quot;,&quot;title&quot;:&quot;&quot;,&quot;orientation&quot;:&quot;0&quot;}\" data-image-title=\"perfil\" data-image-description=\"\" data-image-caption=\"\" data-large-file=\"https:\/\/viannaproducoes.com.br\/wp-content\/uploads\/2019\/09\/perfil-645x1024.jpeg\" \/>\t\t\t\t\t\t\t\t\t\t\t\t\t\t\t<\/div>\n\t\t\t\t<\/div>\n\t\t\t\t\t<\/div>\n\t\t<\/div>\n\t\t\t\t<div class=\"elementor-column elementor-col-50 elementor-inner-column elementor-element elementor-element-c54c439\" data-id=\"c54c439\" data-element_type=\"column\" data-e-type=\"column\">\n\t\t\t<div class=\"elementor-widget-wrap elementor-element-populated\">\n\t\t\t\t\t\t<div class=\"elementor-element elementor-element-d012791 elementor-widget elementor-widget-text-editor\" data-id=\"d012791\" data-element_type=\"widget\" data-e-type=\"widget\" data-widget_type=\"text-editor.default\">\n\t\t\t\t<div class=\"elementor-widget-container\">\n\t\t\t\t\t\t\t\t\t<h2><span style=\"color: #ff0000;\">Ol\u00e1, Seja Bem Vindo !!!!<\/span><\/h2>\n<p style=\"text-align: left;\"><span style=\"font-size: 17.0pt; mso-bidi-font-size: 11.0pt; line-height: 107%;\">Sou o Rafael, fotografo e propriet\u00e1rio da empresa Vianna Produ\u00e7\u00f5es, atuo como profissional de fotografia, desde 2014, quando decidi me dedicar exclusivamente a essa nova profiss\u00e3o.\u00a0<\/span><\/p>\n<p style=\"text-align: left;\"><span style=\"font-size: 17.0pt; mso-bidi-font-size: 11.0pt; line-height: 107%;\">Al\u00e9m de qualifica\u00e7\u00e3o t\u00e9cnica pelo Centro Paula Souza, na \u00e1rea de fotografia tenho in\u00fameros cursos de qualifica\u00e7\u00e3o profissional para o seguimento de fotografia. <br \/>Onde me especializei em eventos sociais. <br \/>Ao longo desses anos, j\u00e1 realizei a cobertura fotogr\u00e1fica em eventos importantes como:<\/span><span style=\"font-size: 17pt;\">\u00a0<\/span><\/p>\n<p style=\"text-align: center;\">\u00a0<\/p>\t\t\t\t\t\t\t\t<\/div>\n\t\t\t\t<\/div>\n\t\t\t\t\t<\/div>\n\t\t<\/div>\n\t\t\t\t\t<\/div>\n\t\t<\/section>\n\t\t\t\t\t<\/div>\n\t\t<\/div>\n\t\t\t\t\t<\/div>\n\t\t<\/section>\n\t\t\t\t<section class=\"elementor-section elementor-top-section elementor-element elementor-element-67f36e5 elementor-section-boxed elementor-section-height-default elementor-section-height-default\" data-id=\"67f36e5\" data-element_type=\"section\" data-e-type=\"section\">\n\t\t\t\t\t\t<div class=\"elementor-container elementor-column-gap-default\">\n\t\t\t\t\t<div class=\"elementor-column elementor-col-100 elementor-top-column elementor-element elementor-element-e005467\" data-id=\"e005467\" data-element_type=\"column\" data-e-type=\"column\">\n\t\t\t<div class=\"elementor-widget-wrap elementor-element-populated\">\n\t\t\t\t\t\t<div class=\"elementor-element elementor-element-7bccabf elementor-widget elementor-widget-text-editor\" data-id=\"7bccabf\" data-element_type=\"widget\" data-e-type=\"widget\" data-widget_type=\"text-editor.default\">\n\t\t\t\t<div class=\"elementor-widget-container\">\n\t\t\t\t\t\t\t\t\t<h2><span style=\"text-decoration: underline;\"><strong><span style=\"color: #000000; text-decoration: underline;\">Alguns Eventos Importantes<\/span><\/strong><\/span><\/h2>\n<p><span style=\"color: #ff0000;\"><strong>Bola de Prata ESPN<\/strong> <\/span>nos anos de 2016,2017 e 2018.<br \/>Inaugura\u00e7\u00e3o do restaurante <span style=\"color: #ff0000;\"><strong>Bar do Alem\u00e3o<\/strong><\/span> na Granja Vianna. <br \/>Eventos na <span style=\"color: #ff0000;\"><strong>Villa Bisutti<\/strong><\/span> , SAP Business One, Mind Pro no Maksoud Plaza.<br \/>Coberturas fotogr\u00e1ficas em shows e apresenta\u00e7\u00f5es, M\u00e1rio Sergio <span style=\"color: #ff0000;\"><strong>Cortella<\/strong><\/span>, <span style=\"color: #ff0000;\"><strong>Ed Motta<\/strong><\/span>,<span style=\"color: #ff0000;\"> <strong>Leo Maia<\/strong><\/span>, <span style=\"color: #ff0000;\"><strong>Dj. Marina Dias<\/strong><\/span>, <span style=\"color: #ff0000;\"><strong>Rodrigo Capella<\/strong><\/span>, <span style=\"color: #ff0000;\"><strong>Rodrigo C\u00e1ceres<\/strong><\/span>, <span style=\"color: #ff0000;\"><strong>Big Time Orquestra<\/strong><\/span>, Calango Brabo no CTN (Centro de Tradi\u00e7\u00f5es Nordestinas) entre outros.\u00a0<\/p>\t\t\t\t\t\t\t\t<\/div>\n\t\t\t\t<\/div>\n\t\t\t\t\t<\/div>\n\t\t<\/div>\n\t\t\t\t\t<\/div>\n\t\t<\/section>\n\t\t\t\t<\/div>\n\t\t","protected":false},"excerpt":{"rendered":"<p>Ol\u00e1, Seja Bem Vindo !!!! Sou o Rafael, fotografo e propriet\u00e1rio da empresa Vianna Produ\u00e7\u00f5es, atuo como profissional de fotografia, desde 2014, quando decidi me dedicar exclusivamente a essa nova profiss\u00e3o. Al\u00e9m de qualifica\u00e7\u00e3o t\u00e9cnica pelo Centro Paula Souza, na \u00e1rea de fotografia tenho in\u00fameros cursos de qualifica\u00e7\u00e3o profissional para o seguimento de fotografia. Onde <a href=\"https:\/\/viannaproducoes.com.br\/index.php\/sobre\/\" rel=\"nofollow\"><span class=\"sr-only\">Read more about Sobre<\/span>[&hellip;]<\/a><\/p>\n","protected":false},"author":1,"featured_media":0,"parent":0,"menu_order":0,"comment_status":"closed","ping_status":"open","template":"","meta":{"footnotes":""},"class_list":["post-2","page","type-page","status-publish","hentry"],"jetpack_sharing_enabled":true,"jetpack_shortlink":"https:\/\/wp.me\/PbkY6J-2","_links":{"self":[{"href":"https:\/\/viannaproducoes.com.br\/index.php\/wp-json\/wp\/v2\/pages\/2","targetHints":{"allow":["GET"]}}],"collection":[{"href":"https:\/\/viannaproducoes.com.br\/index.php\/wp-json\/wp\/v2\/pages"}],"about":[{"href":"https:\/\/viannaproducoes.com.br\/index.php\/wp-json\/wp\/v2\/types\/page"}],"author":[{"embeddable":true,"href":"https:\/\/viannaproducoes.com.br\/index.php\/wp-json\/wp\/v2\/users\/1"}],"replies":[{"embeddable":true,"href":"https:\/\/viannaproducoes.com.br\/index.php\/wp-json\/wp\/v2\/comments?post=2"}],"version-history":[{"count":7,"href":"https:\/\/viannaproducoes.com.br\/index.php\/wp-json\/wp\/v2\/pages\/2\/revisions"}],"predecessor-version":[{"id":376,"href":"https:\/\/viannaproducoes.com.br\/index.php\/wp-json\/wp\/v2\/pages\/2\/revisions\/376"}],"wp:attachment":[{"href":"https:\/\/viannaproducoes.com.br\/index.php\/wp-json\/wp\/v2\/media?parent=2"}],"curies":[{"name":"wp","href":"https:\/\/api.w.org\/{rel}","templated":true}]}}